{"id":31451,"date":"2023-03-14T08:06:56","date_gmt":"2023-03-14T11:06:56","guid":{"rendered":"https:\/\/medquimica.ind.br\/?post_type=product&#038;p=31451"},"modified":"2025-05-28T11:55:04","modified_gmt":"2025-05-28T14:55:04","slug":"pregabalina-75mg","status":"publish","type":"product","link":"https:\/\/medquimica.ind.br\/en\/produto\/pregabalina-75mg\/","title":{"rendered":"\u00c1cido Acetilsalic\u00edlico (c\u00f3pia)"},"content":{"rendered":"","protected":false},"excerpt":{"rendered":"<p>Lorem ipsum dolor sit amet, consectetuer adipiscing elit Lorem ipsum dolor sit amet, consectetuer adipiscing elit Lorem ipsum dolor sit amet.<\/p>\n","protected":false},"featured_media":32360,"template":"","meta":{"_acf_changed":false,"_crdt_document":""},"product_brand":[],"product_cat":[162],"product_tag":[190],"class_list":{"0":"post-31451","1":"product","2":"type-product","3":"status-publish","4":"has-post-thumbnail","6":"product_cat-generico","7":"product_tag-snc","9":"first","10":"instock","11":"shipping-taxable","12":"product-type-simple"},"acf":[],"aioseo_notices":[],"_links":{"self":[{"href":"https:\/\/medquimica.ind.br\/en\/wp-json\/wp\/v2\/product\/31451","targetHints":{"allow":["GET"]}}],"collection":[{"href":"https:\/\/medquimica.ind.br\/en\/wp-json\/wp\/v2\/product"}],"about":[{"href":"https:\/\/medquimica.ind.br\/en\/wp-json\/wp\/v2\/types\/product"}],"version-history":[{"count":6,"href":"https:\/\/medquimica.ind.br\/en\/wp-json\/wp\/v2\/product\/31451\/revisions"}],"predecessor-version":[{"id":33083,"href":"https:\/\/medquimica.ind.br\/en\/wp-json\/wp\/v2\/product\/31451\/revisions\/33083"}],"wp:featuredmedia":[{"embeddable":true,"href":"https:\/\/medquimica.ind.br\/en\/wp-json\/wp\/v2\/media\/32360"}],"wp:attachment":[{"href":"https:\/\/medquimica.ind.br\/en\/wp-json\/wp\/v2\/media?parent=31451"}],"wp:term":[{"taxonomy":"product_brand","embeddable":true,"href":"https:\/\/medquimica.ind.br\/en\/wp-json\/wp\/v2\/product_brand?post=31451"},{"taxonomy":"product_cat","embeddable":true,"href":"https:\/\/medquimica.ind.br\/en\/wp-json\/wp\/v2\/product_cat?post=31451"},{"taxonomy":"product_tag","embeddable":true,"href":"https:\/\/medquimica.ind.br\/en\/wp-json\/wp\/v2\/product_tag?post=31451"}],"curies":[{"name":"wp","href":"https:\/\/api.w.org\/{rel}","templated":true}]}}