{"id":31409,"date":"2023-03-14T05:57:57","date_gmt":"2023-03-14T08:57:57","guid":{"rendered":"https:\/\/medquimica.ind.br\/?post_type=product&#038;p=31409"},"modified":"2024-08-20T11:47:26","modified_gmt":"2024-08-20T14:47:26","slug":"gastrogel-de-bolso-caixa-com-60-fl-aconetes-de-10ml-cada","status":"publish","type":"product","link":"https:\/\/medquimica.ind.br\/en\/produto\/gastrogel-de-bolso-caixa-com-60-fl-aconetes-de-10ml-cada\/","title":{"rendered":"Modelo PRODUTO (c\u00f3pia) (c\u00f3pia) (c\u00f3pia)"},"content":{"rendered":"\t\t<div data-elementor-type=\"wp-post\" data-elementor-id=\"31409\" class=\"elementor elementor-31409\" data-elementor-post-type=\"product\">\n\t\t\t\t\t\t<section class=\"elementor-section elementor-top-section elementor-element elementor-element-a7aa5c8 elementor-section-boxed elementor-section-height-default elementor-section-height-default\" data-id=\"a7aa5c8\" data-element_type=\"section\" data-e-type=\"section\">\n\t\t\t\t\t\t<div class=\"elementor-container elementor-column-gap-default\">\n\t\t\t\t\t<div class=\"elementor-column elementor-col-100 elementor-top-column elementor-element elementor-element-4c1e2291\" data-id=\"4c1e2291\" data-element_type=\"column\" data-e-type=\"column\">\n\t\t\t<div class=\"elementor-widget-wrap\">\n\t\t\t\t\t\t\t<\/div>\n\t\t<\/div>\n\t\t\t\t\t<\/div>\n\t\t<\/section>\n\t\t\t\t<section class=\"elementor-section elementor-top-section elementor-element elementor-element-1a7e7d30 elementor-section-boxed elementor-section-height-default elementor-section-height-default\" data-id=\"1a7e7d30\" data-element_type=\"section\" data-e-type=\"section\">\n\t\t\t\t\t\t<div class=\"elementor-container elementor-column-gap-default\">\n\t\t\t\t\t<div class=\"elementor-column elementor-col-25 elementor-top-column elementor-element elementor-element-5f179e42\" data-id=\"5f179e42\" data-element_type=\"column\" data-e-type=\"column\">\n\t\t\t<div class=\"elementor-widget-wrap\">\n\t\t\t\t\t\t\t<\/div>\n\t\t<\/div>\n\t\t\t\t<div class=\"elementor-column elementor-col-25 elementor-top-column elementor-element elementor-element-26f4aa8d\" data-id=\"26f4aa8d\" data-element_type=\"column\" data-e-type=\"column\">\n\t\t\t<div class=\"elementor-widget-wrap elementor-element-populated\">\n\t\t\t\t\t\t<div class=\"elementor-element elementor-element-25708cf6 elementor-align-right elementor-mobile-align-center elementor-widget elementor-widget-button\" data-id=\"25708cf6\" data-element_type=\"widget\" data-e-type=\"widget\" data-widget_type=\"button.default\">\n\t\t\t\t<div class=\"elementor-widget-container\">\n\t\t\t\t\t\t\t\t\t<div class=\"elementor-button-wrapper\">\n\t\t\t\t\t<a class=\"elementor-button elementor-button-link elementor-size-sm\" href=\"https:\/\/medquimica.ind.br\/wp-content\/uploads\/bulas\/Bula%20-%20Gastrogel%20(Comprimidos,%20de%20bolso%20e%20fresh).pdf\" target=\"_blank\">\n\t\t\t\t\t\t<span class=\"elementor-button-content-wrapper\">\n\t\t\t\t\t\t\t\t\t<span class=\"elementor-button-text\">BULA<\/span>\n\t\t\t\t\t<\/span>\n\t\t\t\t\t<\/a>\n\t\t\t\t<\/div>\n\t\t\t\t\t\t\t\t<\/div>\n\t\t\t\t<\/div>\n\t\t\t\t\t<\/div>\n\t\t<\/div>\n\t\t\t\t<div class=\"elementor-column elementor-col-25 elementor-top-column elementor-element elementor-element-3eac44cc\" data-id=\"3eac44cc\" data-element_type=\"column\" data-e-type=\"column\">\n\t\t\t<div class=\"elementor-widget-wrap elementor-element-populated\">\n\t\t\t\t\t\t<div class=\"elementor-element elementor-element-1b949c94 elementor-align-center elementor-widget elementor-widget-button\" data-id=\"1b949c94\" data-element_type=\"widget\" data-e-type=\"widget\" data-widget_type=\"button.default\">\n\t\t\t\t<div class=\"elementor-widget-container\">\n\t\t\t\t\t\t\t\t\t<div class=\"elementor-button-wrapper\">\n\t\t\t\t\t<a class=\"elementor-button elementor-button-link elementor-size-sm\" href=\"https:\/\/medquimica.ind.br\/gastrogel\/\" target=\"_blank\">\n\t\t\t\t\t\t<span class=\"elementor-button-content-wrapper\">\n\t\t\t\t\t\t\t\t\t<span class=\"elementor-button-text\">SITE DO PRODUTO<\/span>\n\t\t\t\t\t<\/span>\n\t\t\t\t\t<\/a>\n\t\t\t\t<\/div>\n\t\t\t\t\t\t\t\t<\/div>\n\t\t\t\t<\/div>\n\t\t\t\t\t<\/div>\n\t\t<\/div>\n\t\t\t\t<div class=\"elementor-column elementor-col-25 elementor-top-column elementor-element elementor-element-32bc9210\" data-id=\"32bc9210\" data-element_type=\"column\" data-e-type=\"column\">\n\t\t\t<div class=\"elementor-widget-wrap elementor-element-populated\">\n\t\t\t\t\t\t<div class=\"elementor-element elementor-element-f3c4f0f elementor-align-right elementor-mobile-align-center elementor-widget elementor-widget-button\" data-id=\"f3c4f0f\" data-element_type=\"widget\" data-e-type=\"widget\" data-widget_type=\"button.default\">\n\t\t\t\t<div class=\"elementor-widget-container\">\n\t\t\t\t\t\t\t\t\t<div class=\"elementor-button-wrapper\">\n\t\t\t\t\t<a class=\"elementor-button elementor-button-link elementor-size-sm\" href=\"https:\/\/medquimica.ind.br\/nossos-produtos\/\">\n\t\t\t\t\t\t<span class=\"elementor-button-content-wrapper\">\n\t\t\t\t\t\t\t\t\t<span class=\"elementor-button-text\">BUSCAR MEDICAMENTOS<\/span>\n\t\t\t\t\t<\/span>\n\t\t\t\t\t<\/a>\n\t\t\t\t<\/div>\n\t\t\t\t\t\t\t\t<\/div>\n\t\t\t\t<\/div>\n\t\t\t\t\t<\/div>\n\t\t<\/div>\n\t\t\t\t\t<\/div>\n\t\t<\/section>\n\t\t\t\t<\/div>\n\t\t","protected":false},"excerpt":{"rendered":"<p>Lorem ipsum dolor sit amet, consectetuer adipiscing elit Lorem ipsum dolor sit amet, consectetuer adipiscing elit Lorem ipsum dolor sit amet.<\/p>\n","protected":false},"featured_media":32695,"template":"","meta":{"_acf_changed":false,"_crdt_document":""},"product_brand":[],"product_cat":[221],"product_tag":[228,232,227,231,229,188,230],"class_list":{"0":"post-31409","1":"product","2":"type-product","3":"status-publish","4":"has-post-thumbnail","6":"product_cat-gastro","7":"product_tag-acidez-estomacal","8":"product_tag-antigases","9":"product_tag-azia","10":"product_tag-esofagite","11":"product_tag-gases","12":"product_tag-gastro","13":"product_tag-refluxo","15":"first","16":"instock","17":"shipping-taxable","18":"product-type-simple"},"acf":[],"aioseo_notices":[],"_links":{"self":[{"href":"https:\/\/medquimica.ind.br\/en\/wp-json\/wp\/v2\/product\/31409","targetHints":{"allow":["GET"]}}],"collection":[{"href":"https:\/\/medquimica.ind.br\/en\/wp-json\/wp\/v2\/product"}],"about":[{"href":"https:\/\/medquimica.ind.br\/en\/wp-json\/wp\/v2\/types\/product"}],"version-history":[{"count":12,"href":"https:\/\/medquimica.ind.br\/en\/wp-json\/wp\/v2\/product\/31409\/revisions"}],"predecessor-version":[{"id":32798,"href":"https:\/\/medquimica.ind.br\/en\/wp-json\/wp\/v2\/product\/31409\/revisions\/32798"}],"wp:featuredmedia":[{"embeddable":true,"href":"https:\/\/medquimica.ind.br\/en\/wp-json\/wp\/v2\/media\/32695"}],"wp:attachment":[{"href":"https:\/\/medquimica.ind.br\/en\/wp-json\/wp\/v2\/media?parent=31409"}],"wp:term":[{"taxonomy":"product_brand","embeddable":true,"href":"https:\/\/medquimica.ind.br\/en\/wp-json\/wp\/v2\/product_brand?post=31409"},{"taxonomy":"product_cat","embeddable":true,"href":"https:\/\/medquimica.ind.br\/en\/wp-json\/wp\/v2\/product_cat?post=31409"},{"taxonomy":"product_tag","embeddable":true,"href":"https:\/\/medquimica.ind.br\/en\/wp-json\/wp\/v2\/product_tag?post=31409"}],"curies":[{"name":"wp","href":"https:\/\/api.w.org\/{rel}","templated":true}]}}